{"id":925,"date":"2023-07-17T13:44:08","date_gmt":"2023-07-17T11:44:08","guid":{"rendered":"https:\/\/secure.froeling.com\/?page_id=925"},"modified":"2023-08-08T15:46:12","modified_gmt":"2023-08-08T13:46:12","slug":"registrazione","status":"publish","type":"page","link":"https:\/\/secure.froeling.com\/it\/registrazione\/","title":{"rendered":"Registrazione"},"content":{"rendered":"\t\t<div data-elementor-type=\"wp-page\" data-elementor-id=\"925\" class=\"elementor elementor-925\" data-elementor-post-type=\"page\">\n\t\t\t\t<div class=\"elementor-element elementor-element-85b0e33 e-flex e-con-boxed e-con e-parent\" data-id=\"85b0e33\" data-element_type=\"container\" data-e-type=\"container\">\n\t\t\t\t\t<div class=\"e-con-inner\">\n\t\t\t\t<div class=\"elementor-element elementor-element-d083649 elementor-widget elementor-widget-shortcode\" data-id=\"d083649\" data-element_type=\"widget\" data-e-type=\"widget\" data-widget_type=\"shortcode.default\">\n\t\t\t\t<div class=\"elementor-widget-container\">\n\t\t\t\t\t\t\t<div class=\"elementor-shortcode\">\t\t\t\t<form id=\"acf-form\" class=\"acf-form\" action=\"\" method=\"post\">\n\t\t\t\t\t<div id=\"acf-form-data\" class=\"acf-hidden\">\n\t\t<input type=\"hidden\" id=\"_acf_screen\" name=\"_acf_screen\" value=\"acf_form\"\/><input type=\"hidden\" id=\"_acf_post_id\" name=\"_acf_post_id\" value=\"new_user\"\/><input type=\"hidden\" id=\"_acf_validation\" name=\"_acf_validation\" value=\"1\"\/><input type=\"hidden\" id=\"_acf_form\" name=\"_acf_form\" value=\"d1hJdlhuQ2V0ZzhaenIvRFVqNTVUZWtCVXpYUHlmbjFFU0pJL1RtMy9BNEdBTG4rNGxJVkZTNXZNenc5R0w0b1prd2k2SHF0TkQ3TmhvYjZNTDhmUmlKZ3l2RTl5eDlZMUVDaytOWWFOZlFodzdJMDlUR3pLUmtQajAvdzk0Zk9yc1dmcVN1S2M2a0NaNS9uc2N2WnkzU2tPVXZpNUNTZkRoUTdqVW9xRTNTcnp2dlNVNnVCR0FNS0VVeUllMHVBbFNsb21hak5HN21RWU0rZVd0Yi9vdnVBQlRmUGw2MVBRbC94eEVkckVnQ1NyYWJWQnMxRWN4ellIakdHandUYnVDRlZlRTA0aEVPRkx3RHBmRU02YUdaOFpOa2lFbVpTak0yVWlYVGlmUkFQUkpRc0xtUnYwOHIxb1RSK2x1VU5ybmprM3NzZDN4eCs5UzZzbWI4S0J1b0Q0L0c3cGhkbFg3UVNpL2R6ZGVzN1d1L091ZzdER2RkU2xjdEh6a3JncWdrS294R3NESTQ5T1RYbGNsZXo4bnZLM3hHb0FUNTUrVXFHVGlvQjRFUG9LSXl1S0hDVFUyeXBBOFJyZ3FGcnBMdmo0blRwd01SM3NhV21QVnM0TEtHdC9tQWg4OUhLM0VDVnlTL2xJcE9uZEtQS24xU09qZXdpRkRnK1YzTFFNa3AyTHRieXo0Tkp6KytPdmNsU1RrYUxiQlZyY2FWUFNLaFNHK3k1ZXQ3bUd6VnZkOHdYTVAzdmFsQ1NXbnFtL1VyUFBhNmlDaGZKTUNKS3RIaEFTMzVxLzZoekdmUVNRNWQ0N3FXSzFIUWNqaTRPdW9oQkR3YTdZTkZDd01sTFp3cXlHam90cjZuRWlTNUkvSnhoaHJkUlpHcC9oYndOK3dSb3prbExJVG9LMGdsemFZSy9TT3NUOGl6c3NqcjVEMW9WdmlWL1ZjRG9sWXIxUFVNRHdYSlBHcjhzRjdmdktUYlExcmdFYkJiYmFxNVczNXJodnZMQVBCVlpjV0VWUEZ3SjRJRlJISVlLMG00ZVNKY1dwVkZpOHdQRnJjaVc1YUlkQzllYVNwNEFQUWZDVkdwaVZLR3FwVytRbUxSVENhREE5MGNCOVJYbVQ4QXJURnErN1NuM3pNUVNmTzg3eDR1bU5pcnNGMFVSRmowbTFUUmxJeXppbGRqYlFOanZZc085Yk9uQXc3bVRmcnpuUFpiV201NnJyR1BEYWNjKzlxRmVhUXQ4Zld0azdDc3k5eERzaWpNbHVQZkNBWm9vT2M3OEJQTVZ5UjdTMjExZEptQTcrcWpWTDN0TlR0cFVZVXVkYjNoZks0U2tRSnVKRitXU0tMM2dua3doSkFpdWU4bG9XcFIxRUpJSmxnOVB5M3YzWEFEelBrUFlJS3RoNXFUbWtKR0YreGd3eFRuOWl4aFUydUdyL2s1K0ZFVlo6OrX3SzM+hzGypZILBcOOTnY=\"\/><input type=\"hidden\" id=\"_acf_nonce\" name=\"_acf_nonce\" value=\"ffdb952be7\"\/><input type=\"hidden\" id=\"_acf_changed\" name=\"_acf_changed\" value=\"0\"\/>\t<\/div>\n\t\t\t\t<div class=\"acf-fields acf-form-fields -top\">\n\t\t\t\t\t\t\t\t<div class=\"acf-field acf-field-text acf-field-631701815b762\" data-name=\"kundennummer\" data-type=\"text\" data-key=\"field_631701815b762\">\n<div class=\"acf-label\">\n<label for=\"acf-field_631701815b762\">Kundennummer<\/label><\/div>\n<div class=\"acf-input\">\n<div class=\"acf-input-wrap\"><input type=\"text\" id=\"acf-field_631701815b762\" name=\"acf[field_631701815b762]\"\/><\/div><\/div>\n<\/div>\n<div class=\"acf-field acf-field-email acf-field-631701955b763 is-required\" data-name=\"e-mail\" data-type=\"email\" data-key=\"field_631701955b763\" data-required=\"1\">\n<div class=\"acf-label\">\n<label for=\"acf-field_631701955b763\">E-Mail <span class=\"acf-required\">*<\/span><\/label><\/div>\n<div class=\"acf-input\">\n<div class=\"acf-input-wrap\"><input type=\"email\" id=\"acf-field_631701955b763\" name=\"acf[field_631701955b763]\" required=\"required\"\/><\/div><\/div>\n<\/div>\n<div class=\"acf-field acf-field-password acf-field-631701a35b764\" data-name=\"passwort\" data-type=\"password\" data-key=\"field_631701a35b764\">\n<div class=\"acf-label\">\n<label for=\"acf-field_631701a35b764\">Passwort<\/label><p class=\"description\">Passwort muss 8 Zeichen lang sein mit mindestens einer Zahl, einem Kleinbuchstaben und einem Gro\u00dfbuchstaben.<\/p><\/div>\n<div class=\"acf-input\">\n<div class=\"acf-input-wrap\"><input type=\"password\" id=\"acf-field_631701a35b764\" name=\"acf[field_631701a35b764]\"\/><\/div><\/div>\n<\/div>\n<div class=\"acf-field acf-field-password acf-field-631701af5b765\" data-name=\"passwort_wiederholen\" data-type=\"password\" data-key=\"field_631701af5b765\">\n<div class=\"acf-label\">\n<label for=\"acf-field_631701af5b765\">Passwort wiederholen<\/label><\/div>\n<div class=\"acf-input\">\n<div class=\"acf-input-wrap\"><input type=\"password\" id=\"acf-field_631701af5b765\" name=\"acf[field_631701af5b765]\"\/><\/div><\/div>\n<\/div>\n<div class=\"acf-field acf-field-text acf-field-631701c55b766\" data-name=\"plz\" data-type=\"text\" data-key=\"field_631701c55b766\">\n<div class=\"acf-label\">\n<label for=\"acf-field_631701c55b766\">PLZ<\/label><\/div>\n<div class=\"acf-input\">\n<div class=\"acf-input-wrap\"><input type=\"text\" id=\"acf-field_631701c55b766\" name=\"acf[field_631701c55b766]\"\/><\/div><\/div>\n<\/div>\n<div class=\"acf-field acf-field-select acf-field-631701c95b767\" data-name=\"land\" data-type=\"select\" data-key=\"field_631701c95b767\">\n<div class=\"acf-label\">\n<label for=\"acf-field_631701c95b767\">Land<\/label><\/div>\n<div class=\"acf-input\">\n<select id=\"acf-field_631701c95b767\" class=\"\" name=\"acf[field_631701c95b767]\" data-ui=\"0\" data-ajax=\"0\" data-multiple=\"0\" data-placeholder=\"Selezionare\" data-allow_null=\"0\"><option value=\"\"><\/option><option value=\"AF\">Afghanistan<\/option><option value=\"EG\">\u00c4gypten<\/option><option value=\"AX\">\u00c5landinseln<\/option><option value=\"AL\">Albanien<\/option><option value=\"DZ\">Algerien<\/option><option value=\"AS\">Amerikanisch-Samoa<\/option><option value=\"VI\">Amerikanische Jungferninseln<\/option><option value=\"UM\">Amerikanische \u00dcberseeinseln<\/option><option value=\"AD\">Andorra<\/option><option value=\"AO\">Angola<\/option><option value=\"AI\">Anguilla<\/option><option value=\"AQ\">Antarktis<\/option><option value=\"AG\">Antigua und Barbuda<\/option><option value=\"GQ\">\u00c4quatorialguinea<\/option><option value=\"AR\">Argentinien<\/option><option value=\"AM\">Armenien<\/option><option value=\"AW\">Aruba<\/option><option value=\"AC\">Ascension<\/option><option value=\"AZ\">Aserbaidschan<\/option><option value=\"ET\">\u00c4thiopien<\/option><option value=\"AU\">Australien<\/option><option value=\"BS\">Bahamas<\/option><option value=\"BH\">Bahrain<\/option><option value=\"BD\">Bangladesch<\/option><option value=\"BB\">Barbados<\/option><option value=\"BY\">Belarus<\/option><option value=\"BE\">Belgien<\/option><option value=\"BZ\">Belize<\/option><option value=\"BJ\">Benin<\/option><option value=\"BM\">Bermuda<\/option><option value=\"BT\">Bhutan<\/option><option value=\"BO\">Bolivien<\/option><option value=\"BQ\">Bonaire, Sint Eustatius und Saba<\/option><option value=\"BA\">Bosnien und Herzegowina<\/option><option value=\"BW\">Botsuana<\/option><option value=\"BR\">Brasilien<\/option><option value=\"VG\">Britische Jungferninseln<\/option><option value=\"IO\">Britisches Territorium im Indischen Ozean<\/option><option value=\"BN\">Brunei Darussalam<\/option><option value=\"BG\">Bulgarien<\/option><option value=\"BF\">Burkina Faso<\/option><option value=\"BI\">Burundi<\/option><option value=\"CV\">Cabo Verde<\/option><option value=\"EA\">Ceuta und Melilla<\/option><option value=\"CL\">Chile<\/option><option value=\"CN\">China<\/option><option value=\"CK\">Cookinseln<\/option><option value=\"CR\">Costa Rica<\/option><option value=\"CI\">C\u00f4te d\u2019Ivoire<\/option><option value=\"CW\">Cura\u00e7ao<\/option><option value=\"DK\">D\u00e4nemark<\/option><option value=\"DE\">Deutschland<\/option><option value=\"DG\">Diego Garcia<\/option><option value=\"DM\">Dominica<\/option><option value=\"DO\">Dominikanische Republik<\/option><option value=\"DJ\">Dschibuti<\/option><option value=\"EC\">Ecuador<\/option><option value=\"SV\">El Salvador<\/option><option value=\"ER\">Eritrea<\/option><option value=\"EE\">Estland<\/option><option value=\"EZ\">Eurozone<\/option><option value=\"FK\">Falklandinseln<\/option><option value=\"FO\">F\u00e4r\u00f6er<\/option><option value=\"FJ\">Fidschi<\/option><option value=\"FI\">Finnland<\/option><option value=\"FR\">Frankreich<\/option><option value=\"GF\">Franz\u00f6sisch-Guayana<\/option><option value=\"PF\">Franz\u00f6sisch-Polynesien<\/option><option value=\"TF\">Franz\u00f6sische S\u00fcd- und Antarktisgebiete<\/option><option value=\"GA\">Gabun<\/option><option value=\"GM\">Gambia<\/option><option value=\"GE\">Georgien<\/option><option value=\"GH\">Ghana<\/option><option value=\"GI\">Gibraltar<\/option><option value=\"GD\">Grenada<\/option><option value=\"GR\">Griechenland<\/option><option value=\"GL\">Gr\u00f6nland<\/option><option value=\"GP\">Guadeloupe<\/option><option value=\"GU\">Guam<\/option><option value=\"GT\">Guatemala<\/option><option value=\"GG\">Guernsey<\/option><option value=\"GN\">Guinea<\/option><option value=\"GW\">Guinea-Bissau<\/option><option value=\"GY\">Guyana<\/option><option value=\"HT\">Haiti<\/option><option value=\"HN\">Honduras<\/option><option value=\"IN\">Indien<\/option><option value=\"ID\">Indonesien<\/option><option value=\"IQ\">Irak<\/option><option value=\"IR\">Iran<\/option><option value=\"IE\">Irland<\/option><option value=\"IS\">Island<\/option><option value=\"IM\">Isle of Man<\/option><option value=\"IL\">Israel<\/option><option value=\"IT\">Italien<\/option><option value=\"JM\">Jamaika<\/option><option value=\"JP\">Japan<\/option><option value=\"YE\">Jemen<\/option><option value=\"JE\">Jersey<\/option><option value=\"JO\">Jordanien<\/option><option value=\"KY\">Kaimaninseln<\/option><option value=\"KH\">Kambodscha<\/option><option value=\"CM\">Kamerun<\/option><option value=\"CA\">Kanada<\/option><option value=\"IC\">Kanarische Inseln<\/option><option value=\"KZ\">Kasachstan<\/option><option value=\"QA\">Katar<\/option><option value=\"KE\">Kenia<\/option><option value=\"KG\">Kirgisistan<\/option><option value=\"KI\">Kiribati<\/option><option value=\"CC\">Kokosinseln<\/option><option value=\"CO\">Kolumbien<\/option><option value=\"KM\">Komoren<\/option><option value=\"CG\">Kongo-Brazzaville<\/option><option value=\"CD\">Kongo-Kinshasa<\/option><option value=\"XK\">Kosovo<\/option><option value=\"HR\">Kroatien<\/option><option value=\"CU\">Kuba<\/option><option value=\"KW\">Kuwait<\/option><option value=\"LA\">Laos<\/option><option value=\"LS\">Lesotho<\/option><option value=\"LV\">Lettland<\/option><option value=\"LB\">Libanon<\/option><option value=\"LR\">Liberia<\/option><option value=\"LY\">Libyen<\/option><option value=\"LI\">Liechtenstein<\/option><option value=\"LT\">Litauen<\/option><option value=\"LU\">Luxemburg<\/option><option value=\"MG\">Madagaskar<\/option><option value=\"MW\">Malawi<\/option><option value=\"MY\">Malaysia<\/option><option value=\"MV\">Malediven<\/option><option value=\"ML\">Mali<\/option><option value=\"MT\">Malta<\/option><option value=\"MA\">Marokko<\/option><option value=\"MH\">Marshallinseln<\/option><option value=\"MQ\">Martinique<\/option><option value=\"MR\">Mauretanien<\/option><option value=\"MU\">Mauritius<\/option><option value=\"YT\">Mayotte<\/option><option value=\"MK\">Mazedonien<\/option><option value=\"MX\">Mexiko<\/option><option value=\"FM\">Mikronesien<\/option><option value=\"MC\">Monaco<\/option><option value=\"MN\">Mongolei<\/option><option value=\"ME\">Montenegro<\/option><option value=\"MS\">Montserrat<\/option><option value=\"MZ\">Mosambik<\/option><option value=\"MM\">Myanmar<\/option><option value=\"NA\">Namibia<\/option><option value=\"NR\">Nauru<\/option><option value=\"NP\">Nepal<\/option><option value=\"NC\">Neukaledonien<\/option><option value=\"NZ\">Neuseeland<\/option><option value=\"NI\">Nicaragua<\/option><option value=\"NL\">Niederlande<\/option><option value=\"NE\">Niger<\/option><option value=\"NG\">Nigeria<\/option><option value=\"NU\">Niue<\/option><option value=\"KP\">Nordkorea<\/option><option value=\"MP\">N\u00f6rdliche Marianen<\/option><option value=\"NF\">Norfolkinsel<\/option><option value=\"NO\">Norwegen<\/option><option value=\"OM\">Oman<\/option><option value=\"AT\" selected=\"selected\" data-i=\"0\">\u00d6sterreich<\/option><option value=\"TL\">Osttimor<\/option><option value=\"PK\">Pakistan<\/option><option value=\"PS\">Pal\u00e4stinensische Autonomiegebiete<\/option><option value=\"PW\">Palau<\/option><option value=\"PA\">Panama<\/option><option value=\"PG\">Papua-Neuguinea<\/option><option value=\"PY\">Paraguay<\/option><option value=\"PE\">Peru<\/option><option value=\"PH\">Philippinen<\/option><option value=\"PN\">Pitcairninseln<\/option><option value=\"PL\">Polen<\/option><option value=\"PT\">Portugal<\/option><option value=\"PR\">Puerto Rico<\/option><option value=\"MD\">Republik Moldau<\/option><option value=\"RE\">R\u00e9union<\/option><option value=\"RW\">Ruanda<\/option><option value=\"RO\">Rum\u00e4nien<\/option><option value=\"RU\">Russland<\/option><option value=\"SB\">Salomonen<\/option><option value=\"ZM\">Sambia<\/option><option value=\"WS\">Samoa<\/option><option value=\"SM\">San Marino<\/option><option value=\"ST\">S\u00e3o Tom\u00e9 und Pr\u00edncipe<\/option><option value=\"SA\">Saudi-Arabien<\/option><option value=\"SE\">Schweden<\/option><option value=\"CH\">Schweiz<\/option><option value=\"SN\">Senegal<\/option><option value=\"RS\">Serbien<\/option><option value=\"SC\">Seychellen<\/option><option value=\"SL\">Sierra Leone<\/option><option value=\"ZW\">Simbabwe<\/option><option value=\"SG\">Singapur<\/option><option value=\"SX\">Sint Maarten<\/option><option value=\"SK\">Slowakei<\/option><option value=\"SI\">Slowenien<\/option><option value=\"SO\">Somalia<\/option><option value=\"MO\">Sonderverwaltungsregion Macau<\/option><option value=\"HK\">Sonderverwaltungszone Hongkong<\/option><option value=\"ES\">Spanien<\/option><option value=\"SJ\">Spitzbergen<\/option><option value=\"LK\">Sri Lanka<\/option><option value=\"BL\">St. Barth\u00e9lemy<\/option><option value=\"SH\">St. Helena<\/option><option value=\"KN\">St. Kitts und Nevis<\/option><option value=\"LC\">St. Lucia<\/option><option value=\"MF\">St. Martin<\/option><option value=\"PM\">St. Pierre und Miquelon<\/option><option value=\"VC\">St. Vincent und die Grenadinen<\/option><option value=\"ZA\">S\u00fcdafrika<\/option><option value=\"SD\">Sudan<\/option><option value=\"GS\">S\u00fcdgeorgien und die S\u00fcdlichen Sandwichinseln<\/option><option value=\"KR\">S\u00fcdkorea<\/option><option value=\"SS\">S\u00fcdsudan<\/option><option value=\"SR\">Suriname<\/option><option value=\"SZ\">Swasiland<\/option><option value=\"SY\">Syrien<\/option><option value=\"TJ\">Tadschikistan<\/option><option value=\"TW\">Taiwan<\/option><option value=\"TZ\">Tansania<\/option><option value=\"TH\">Thailand<\/option><option value=\"TG\">Togo<\/option><option value=\"TK\">Tokelau<\/option><option value=\"TO\">Tonga<\/option><option value=\"TT\">Trinidad und Tobago<\/option><option value=\"TA\">Tristan da Cunha<\/option><option value=\"TD\">Tschad<\/option><option value=\"CZ\">Tschechien<\/option><option value=\"TN\">Tunesien<\/option><option value=\"TR\">T\u00fcrkei<\/option><option value=\"TM\">Turkmenistan<\/option><option value=\"TC\">Turks- und Caicosinseln<\/option><option value=\"TV\">Tuvalu<\/option><option value=\"UG\">Uganda<\/option><option value=\"UA\">Ukraine<\/option><option value=\"HU\">Ungarn<\/option><option value=\"UY\">Uruguay<\/option><option value=\"UZ\">Usbekistan<\/option><option value=\"VU\">Vanuatu<\/option><option value=\"VA\">Vatikanstadt<\/option><option value=\"VE\">Venezuela<\/option><option value=\"AE\">Vereinigte Arabische Emirate<\/option><option value=\"US\">Vereinigte Staaten<\/option><option value=\"GB\">Vereinigtes K\u00f6nigreich<\/option><option value=\"UN\">Vereinte Nationen<\/option><option value=\"VN\">Vietnam<\/option><option value=\"WF\">Wallis und Futuna<\/option><option value=\"CX\">Weihnachtsinsel<\/option><option value=\"EH\">Westsahara<\/option><option value=\"CF\">Zentralafrikanische Republik<\/option><option value=\"CY\">Zypern<\/option><\/select><\/div>\n<\/div>\n<div class=\"acf-field acf-field-text acf-field--validate-email\" style=\"display:none !important;\" data-name=\"_validate_email\" data-type=\"text\" data-key=\"_validate_email\">\n<div class=\"acf-label\">\n<label for=\"acf-_validate_email\">Valida l&#039;email<\/label><\/div>\n<div class=\"acf-input\">\n<div class=\"acf-input-wrap\"><input type=\"text\" id=\"acf-_validate_email\" name=\"acf[_validate_email]\"\/><\/div><\/div>\n<\/div>\n\t\t\t\t\t\t\t<\/div>\n\t\t\t\t\t\t\t<div class=\"acf-form-submit\">\n\t\t\t\t\t<input type=\"submit\" class=\"acf-button button button-primary button-large\" value=\"Register\" \/>\t\t\t\t\t<span class=\"acf-spinner\"><\/span>\t\t\t\t<\/div>\n\t\t\t\t<\/form>\n\t\t\t<\/div>\n\t\t\t\t\t\t<\/div>\n\t\t\t\t<\/div>\n\t\t\t\t\t<\/div>\n\t\t\t\t<\/div>\n\t\t\t\t<\/div>\n\t\t","protected":false},"excerpt":{"rendered":"","protected":false},"author":4,"featured_media":0,"parent":0,"menu_order":0,"comment_status":"closed","ping_status":"closed","template":"","meta":{"_acf_changed":false,"footnotes":""},"class_list":["post-925","page","type-page","status-publish","hentry"],"acf":[],"_links":{"self":[{"href":"https:\/\/secure.froeling.com\/it\/wp-json\/wp\/v2\/pages\/925","targetHints":{"allow":["GET"]}}],"collection":[{"href":"https:\/\/secure.froeling.com\/it\/wp-json\/wp\/v2\/pages"}],"about":[{"href":"https:\/\/secure.froeling.com\/it\/wp-json\/wp\/v2\/types\/page"}],"author":[{"embeddable":true,"href":"https:\/\/secure.froeling.com\/it\/wp-json\/wp\/v2\/users\/4"}],"replies":[{"embeddable":true,"href":"https:\/\/secure.froeling.com\/it\/wp-json\/wp\/v2\/comments?post=925"}],"version-history":[{"count":5,"href":"https:\/\/secure.froeling.com\/it\/wp-json\/wp\/v2\/pages\/925\/revisions"}],"predecessor-version":[{"id":1046,"href":"https:\/\/secure.froeling.com\/it\/wp-json\/wp\/v2\/pages\/925\/revisions\/1046"}],"wp:attachment":[{"href":"https:\/\/secure.froeling.com\/it\/wp-json\/wp\/v2\/media?parent=925"}],"curies":[{"name":"wp","href":"https:\/\/api.w.org\/{rel}","templated":true}]}}